{"id":40522,"date":"2020-10-19T19:48:12","date_gmt":"2020-10-19T22:48:12","guid":{"rendered":"https:\/\/sindenfermeiro.com.br\/?page_id=40522"},"modified":"2020-10-19T20:41:31","modified_gmt":"2020-10-19T23:41:31","slug":"missao","status":"publish","type":"page","link":"https:\/\/sindenfermeiro.com.br\/index.php\/missao\/","title":{"rendered":"Miss\u00e3o"},"content":{"rendered":"<section class=\"kc-elm kc-css-230657 kc_row\"><div class=\"kc-row-container  kc-container\"><div class=\"kc-wrap-columns\"><div class=\"kc-elm kc-css-150582 kc_col-sm-12 kc_column kc_col-sm-12\"><div class=\"kc-col-container\"><div class=\"kc-elm kc-css-602924 kc_text_block\"><\/p>\n<h3 class=\"text-left title-page-intern\">MISS\u00c3O<\/h3>\n<p style=\"font-size: 14px; font-family: 'Poppins', sans-serif; line-height: 24px; color: #000; font-weight: 100; padding: 0 0 1rem .5rem;\">Representar e defender os enfermeiros do Distrito Federal, defendendo seus interesses individuais e coletivos atrav\u00e9s da Uni\u00e3o dos profissionais, transformando e melhorando a qualidade de vida da popula\u00e7\u00e3o. Acreditar no futuro \u00e9 trabalhar pelo presente.<\/p>\n<p>\n<\/div><div class=\"kc-elm kc-css-238533\" style=\"height: 20px; clear: both; width:100%;\"><\/div><\/div><\/div><\/div><\/div><\/section>\n","protected":false},"excerpt":{"rendered":"","protected":false},"author":6,"featured_media":0,"parent":0,"menu_order":0,"comment_status":"closed","ping_status":"closed","template":"","meta":{"footnotes":""},"class_list":["post-40522","page","type-page","status-publish","hentry"],"_links":{"self":[{"href":"https:\/\/sindenfermeiro.com.br\/index.php\/wp-json\/wp\/v2\/pages\/40522","targetHints":{"allow":["GET"]}}],"collection":[{"href":"https:\/\/sindenfermeiro.com.br\/index.php\/wp-json\/wp\/v2\/pages"}],"about":[{"href":"https:\/\/sindenfermeiro.com.br\/index.php\/wp-json\/wp\/v2\/types\/page"}],"author":[{"embeddable":true,"href":"https:\/\/sindenfermeiro.com.br\/index.php\/wp-json\/wp\/v2\/users\/6"}],"replies":[{"embeddable":true,"href":"https:\/\/sindenfermeiro.com.br\/index.php\/wp-json\/wp\/v2\/comments?post=40522"}],"version-history":[{"count":4,"href":"https:\/\/sindenfermeiro.com.br\/index.php\/wp-json\/wp\/v2\/pages\/40522\/revisions"}],"predecessor-version":[{"id":40536,"href":"https:\/\/sindenfermeiro.com.br\/index.php\/wp-json\/wp\/v2\/pages\/40522\/revisions\/40536"}],"wp:attachment":[{"href":"https:\/\/sindenfermeiro.com.br\/index.php\/wp-json\/wp\/v2\/media?parent=40522"}],"curies":[{"name":"wp","href":"https:\/\/api.w.org\/{rel}","templated":true}]}}