{"id":37005,"date":"2019-08-19T10:25:12","date_gmt":"2019-08-19T13:25:12","guid":{"rendered":"https:\/\/sindenfermeiro.com.br\/?page_id=37005"},"modified":"2019-08-19T11:58:07","modified_gmt":"2019-08-19T14:58:07","slug":"filiacao-iges","status":"publish","type":"page","link":"https:\/\/sindenfermeiro.com.br\/index.php\/filiacao-iges\/","title":{"rendered":"Filia\u00e7\u00e3o IGES"},"content":{"rendered":"<h3 class=\"text-left title-page-intern\">Filia\u00e7\u00e3o IGES<\/h3>\n<div class=\"page-content-destaq\"><strong>Siga os passos abaixo:<\/strong><\/p>\n<p>&nbsp;<\/p>\n<p>&nbsp;<\/p>\n<p>Para filiar-se basta fazer o download da ficha de inscri\u00e7\u00e3o, preencher a ficha de inscri\u00e7\u00e3o. Ap\u00f3s seguir esses passos envie a ficha preenchida e assinada para o e-mail sedfcontato@gmail.com com o nome do assunto ( Ficha de Filia\u00e7\u00e3o IGES ). <\/strong><\/p>\n<p>&nbsp;<\/p>\n<p>&nbsp;<\/p>\n<\/div>\n<div class=\"sub-title-intern\"><i class=\"fas fa-file-pdf\"><\/i> <a href=\"https:\/\/sindenfermeiro.com.br\/wp-content\/uploads\/2019\/08\/Ficha-Cadastro-SEDF-Azul.pdf\" target=\"_blanck\" rel=\"noopener noreferrer\">Ficha Download<\/a><\/div>\n","protected":false},"excerpt":{"rendered":"<p>Filia\u00e7\u00e3o IGES Siga os passos abaixo: &nbsp; &nbsp; Para filiar-se basta fazer o download da ficha de inscri\u00e7\u00e3o, preencher a ficha de inscri\u00e7\u00e3o. Ap\u00f3s seguir esses passos envie a ficha preenchida e assinada para o e-mail sedfcontato@gmail.com com o nome do assunto ( Ficha de Filia\u00e7\u00e3o IGES ). &nbsp; &nbsp; Ficha Download<\/p>\n","protected":false},"author":6,"featured_media":0,"parent":0,"menu_order":0,"comment_status":"closed","ping_status":"closed","template":"","meta":{"footnotes":""},"class_list":["post-37005","page","type-page","status-publish","hentry"],"_links":{"self":[{"href":"https:\/\/sindenfermeiro.com.br\/index.php\/wp-json\/wp\/v2\/pages\/37005","targetHints":{"allow":["GET"]}}],"collection":[{"href":"https:\/\/sindenfermeiro.com.br\/index.php\/wp-json\/wp\/v2\/pages"}],"about":[{"href":"https:\/\/sindenfermeiro.com.br\/index.php\/wp-json\/wp\/v2\/types\/page"}],"author":[{"embeddable":true,"href":"https:\/\/sindenfermeiro.com.br\/index.php\/wp-json\/wp\/v2\/users\/6"}],"replies":[{"embeddable":true,"href":"https:\/\/sindenfermeiro.com.br\/index.php\/wp-json\/wp\/v2\/comments?post=37005"}],"version-history":[{"count":4,"href":"https:\/\/sindenfermeiro.com.br\/index.php\/wp-json\/wp\/v2\/pages\/37005\/revisions"}],"predecessor-version":[{"id":37016,"href":"https:\/\/sindenfermeiro.com.br\/index.php\/wp-json\/wp\/v2\/pages\/37005\/revisions\/37016"}],"wp:attachment":[{"href":"https:\/\/sindenfermeiro.com.br\/index.php\/wp-json\/wp\/v2\/media?parent=37005"}],"curies":[{"name":"wp","href":"https:\/\/api.w.org\/{rel}","templated":true}]}}