{"id":2217,"date":"2017-10-13T00:59:48","date_gmt":"2017-10-13T00:59:48","guid":{"rendered":"http:\/\/sindenfermeiro.com.br\/site-novo\/?page_id=68"},"modified":"2025-10-22T14:20:45","modified_gmt":"2025-10-22T17:20:45","slug":"convenios","status":"publish","type":"page","link":"https:\/\/sindenfermeiro.com.br\/index.php\/convenios\/","title":{"rendered":"PARCEIROS"},"content":{"rendered":"<p><section class=\"kc-elm kc-css-916242 kc_row\"><div class=\"kc-row-container  kc-container\"><div class=\"kc-wrap-columns\"> <style type=\"text\/css\">\r\n                .kov-items.circle.effect8 .info h3 {\r\n                  height: 84px;\r\n                  letter-spacing: 1px;\r\n                  margin: 0 20px;\r\n                  padding: 47px 0 0;\r\n                }\r\n             <\/style><div class=\"kc-elm kc-css-302332 kc_col-sm-3 kc_column kc_col-sm-3\"><div class=\"kc-col-container\">\r\n        <div style=\"border:;\" class=\"kov-items square effect8 scale_up\"><a target=\"\" href=\"\">\r\n        <div class=\"img\"><img decoding=\"async\" src=\"https:\/\/sindenfermeiro.com.br\/wp-content\/uploads\/2021\/10\/amil-1-150x150-2.png\" alt=\"img\"><\/div>\r\n       <div style=\"background:#06740f;\" class=\"info\">\r\n        <h3 style=\" font-size: 14px; color:#f2f2f2; \">Amil<\/h3>\r\n         <p style=\" font-size: 12px; color:#f2f2f2; border:  \">(61) 3273-0307 <br>\r\n<\/p>\r\n        <\/div><\/a><\/div>\r\n        <div class=\"kc-elm kc-css-697400\" style=\"height: 20px; clear: both; width:100%;\"><\/div><\/div><\/div> <style type=\"text\/css\">\r\n                .kov-items.circle.effect8 .info h3 {\r\n                  height: 84px;\r\n                  letter-spacing: 1px;\r\n                  margin: 0 20px;\r\n                  padding: 47px 0 0;\r\n                }\r\n             <\/style><div class=\"kc-elm kc-css-734544 kc_col-sm-3 kc_column kc_col-sm-3\"><div class=\"kc-col-container\">\r\n        <div style=\"border:;\" class=\"kov-items square effect8 scale_up\"><a target=\"\" href=\"\">\r\n        <div class=\"img\"><img decoding=\"async\" src=\"https:\/\/sindenfermeiro.com.br\/wp-content\/uploads\/2021\/10\/logo-unyleya-150x150-1.png\" alt=\"img\"><\/div>\r\n       <div style=\"background:#06740f;\" class=\"info\">\r\n        <h3 style=\" font-size: 14px; color:#f2f2f2; \">Faculdade Unyleya<\/h3>\r\n         <p style=\" font-size: 12px; color:#f2f2f2; border:  \">joao.quinalha@unyleya.edu.br<\/p>\r\n        <\/div><\/a><\/div>\r\n        <div class=\"kc-elm kc-css-126612\" style=\"height: 20px; clear: both; width:100%;\"><\/div><\/div><\/div><div class=\"kc-elm kc-css-978256 kc_col-sm-3 kc_column kc_col-sm-3\"><div class=\"kc-col-container\"><\/div><\/div> <style type=\"text\/css\">\r\n                .kov-items.circle.effect8 .info h3 {\r\n                  height: 84px;\r\n                  letter-spacing: 1px;\r\n                  margin: 0 20px;\r\n                  padding: 47px 0 0;\r\n                }\r\n             <\/style><div class=\"kc-elm kc-css-265180 kc_col-sm-3 kc_column kc_col-sm-3\"><div class=\"kc-col-container\">\r\n        <div style=\"border:;\" class=\"kov-items square effect8 scale_up\"><a target=\"\" href=\"\">\r\n        <div class=\"img\"><img decoding=\"async\" src=\"https:\/\/sindenfermeiro.com.br\/wp-content\/uploads\/2021\/10\/uniceplac.png\" alt=\"img\"><\/div>\r\n       <div style=\"background:#06740f;\" class=\"info\">\r\n        <h3 style=\" font-size: 14px; color:#f2f2f2; \">Faculdade Uniceplac<\/h3>\r\n         <p style=\" font-size: 12px; color:#f2f2f2; border:  \">(61) 3035-3900 <br>\r\nuniceplac.edu.br<\/p>\r\n        <\/div><\/a><\/div>\r\n        <div class=\"kc-elm kc-css-547126\" style=\"height: 20px; clear: both; width:100%;\"><\/div><\/div><\/div><\/div><\/div><\/section><section class=\"kc-elm kc-css-187852 kc_row\"><div class=\"kc-row-container  kc-container\"><div class=\"kc-wrap-columns\"><div class=\"kc-elm kc-css-878655 kc_col-sm-3 kc_column kc_col-sm-3\"><div class=\"kc-col-container\"><\/div><\/div> <style type=\"text\/css\">\r\n                .kov-items.circle.effect8 .info h3 {\r\n                  height: 84px;\r\n                  letter-spacing: 1px;\r\n                  margin: 0 20px;\r\n                  padding: 47px 0 0;\r\n                }\r\n             <\/style><div class=\"kc-elm kc-css-270996 kc_col-sm-3 kc_column kc_col-sm-3\"><div class=\"kc-col-container\"><div class=\"kc-elm kc-css-152960\" style=\"height: 20px; clear: both; width:100%;\"><\/div>\r\n        <div style=\"border:;\" class=\"kov-items square effect8 scale_up\"><a target=\"\" href=\"\">\r\n        <div class=\"img\"><img decoding=\"async\" src=\"https:\/\/sindenfermeiro.com.br\/wp-content\/uploads\/2022\/11\/Wanda-Horta-2.jpg\" alt=\"img\"><\/div>\r\n       <div style=\"background:#06740f;\" class=\"info\">\r\n        <h3 style=\" font-size: 14px; color:#f2f2f2; \">Complexo Wanda Horta<\/h3>\r\n         <p style=\" font-size: 12px; color:#f2f2f2; border:  \">Descontos variados \r\n\r\n@complexodesaudewandahorta<\/p>\r\n        <\/div><\/a><\/div>\r\n        <\/div><\/div> <style type=\"text\/css\">\r\n                .kov-items.circle.effect8 .info h3 {\r\n                  height: 84px;\r\n                  letter-spacing: 1px;\r\n                  margin: 0 20px;\r\n                  padding: 47px 0 0;\r\n                }\r\n             <\/style><div class=\"kc-elm kc-css-781435 kc_col-sm-3 kc_column kc_col-sm-3\"><div class=\"kc-col-container\"><div class=\"kc-elm kc-css-780881\" style=\"height: 20px; clear: both; width:100%;\"><\/div>\r\n        <div style=\"border:;\" class=\"kov-items square effect8 scale_up\"><a target=\"\" href=\"\">\r\n        <div class=\"img\"><img decoding=\"async\" src=\"https:\/\/sindenfermeiro.com.br\/wp-content\/uploads\/2022\/11\/KNN.png\" alt=\"img\"><\/div>\r\n       <div style=\"background:#06740f;\" class=\"info\">\r\n        <h3 style=\" font-size: 14px; color:#f2f2f2; \">KNN Idiomas<\/h3>\r\n         <p style=\" font-size: 12px; color:#f2f2f2; border:  \">(61) 3563-4264<\/p>\r\n        <\/div><\/a><\/div>\r\n        <\/div><\/div> <style type=\"text\/css\">\r\n                .kov-items.circle.effect8 .info h3 {\r\n                  height: 84px;\r\n                  letter-spacing: 1px;\r\n                  margin: 0 20px;\r\n                  padding: 47px 0 0;\r\n                }\r\n             <\/style><div class=\"kc-elm kc-css-885326 kc_col-sm-3 kc_column kc_col-sm-3\"><div class=\"kc-col-container\"><div class=\"kc-elm kc-css-759396\" style=\"height: 20px; clear: both; width:100%;\"><\/div>\r\n        <div style=\"border:;\" class=\"kov-items square effect8 scale_up\"><a target=\"\" href=\"\">\r\n        <div class=\"img\"><img decoding=\"async\" src=\"https:\/\/sindenfermeiro.com.br\/wp-content\/uploads\/2022\/11\/logo-maria-imaculada-1-scaled.jpg\" alt=\"img\"><\/div>\r\n       <div style=\"background:#06740f;\" class=\"info\">\r\n        <h3 style=\" font-size: 14px; color:#f2f2f2; \">Col\u00e9gio M\u00aa Imaculada<\/h3>\r\n         <p style=\" font-size: 12px; color:#f2f2f2; border:  \">(61) 98495-5499<\/p>\r\n        <\/div><\/a><\/div>\r\n        <\/div><\/div><\/div><\/div><\/section><section class=\"kc-elm kc-css-777400 kc_row\"><div class=\"kc-row-container  kc-container\"><div class=\"kc-wrap-columns\"><div class=\"kc-elm kc-css-312482 kc_col-sm-3 kc_column kc_col-sm-3\"><div class=\"kc-col-container\"><\/div><\/div><div class=\"kc-elm kc-css-769306 kc_col-sm-3 kc_column kc_col-sm-3\"><div class=\"kc-col-container\"><\/div><\/div> <style type=\"text\/css\">\r\n                .kov-items.circle.effect8 .info h3 {\r\n                  height: 84px;\r\n                  letter-spacing: 1px;\r\n                  margin: 0 20px;\r\n                  padding: 47px 0 0;\r\n                }\r\n             <\/style><div class=\"kc-elm kc-css-306574 kc_col-sm-3 kc_column kc_col-sm-3\"><div class=\"kc-col-container\"><div class=\"kc-elm kc-css-670257\" style=\"height: 20px; clear: both; width:100%;\"><\/div>\r\n        <div style=\"border:;\" class=\"kov-items square effect8 scale_up\"><a target=\"\" href=\"\">\r\n        <div class=\"img\"><img decoding=\"async\" src=\"https:\/\/sindenfermeiro.com.br\/wp-content\/uploads\/2023\/08\/Logo-vertical.png\" alt=\"img\"><\/div>\r\n       <div style=\"background:#06740f;\" class=\"info\">\r\n        <h3 style=\" font-size: 14px; color:#f2f2f2; \">Exatas Pr\u00e9-Vestibular <\/h3>\r\n         <p style=\" font-size: 12px; color:#f2f2f2; border:  \">https:\/\/www.instagram.com\/cursoexatas\/<\/p>\r\n        <\/div><\/a><\/div>\r\n        <\/div><\/div> <style type=\"text\/css\">\r\n                .kov-items.circle.effect8 .info h3 {\r\n                  height: 84px;\r\n                  letter-spacing: 1px;\r\n                  margin: 0 20px;\r\n                  padding: 47px 0 0;\r\n                }\r\n             <\/style><div class=\"kc-elm kc-css-656427 kc_col-sm-3 kc_column kc_col-sm-3\"><div class=\"kc-col-container\"><div class=\"kc-elm kc-css-759432\" style=\"height: 20px; clear: both; width:100%;\"><\/div>\r\n        <div style=\"border:;\" class=\"kov-items square effect8 scale_up\"><a target=\"_blank\" href=\"www.pakua.com\">\r\n        <div class=\"img\"><img decoding=\"async\" src=\"https:\/\/sindenfermeiro.com.br\/wp-content\/uploads\/2023\/08\/WhatsApp-Image-2023-08-23-at-11.53.00.jpeg\" alt=\"img\"><\/div>\r\n       <div style=\"background:#06740f;\" class=\"info\">\r\n        <h3 style=\" font-size: 14px; color:#f2f2f2; \">Pa Kua Bras\u00edlia<\/h3>\r\n         <p style=\" font-size: 12px; color:#f2f2f2; border:  \">www.pakua.com\r\n@pakuadf\r\n714 Norte<\/p>\r\n        <\/div><\/a><\/div>\r\n        <\/div><\/div><\/div><\/div><\/section><section class=\"kc-elm kc-css-40577 kc_row\"><div class=\"kc-row-container  kc-container\"><div class=\"kc-wrap-columns\"> <style type=\"text\/css\">\r\n                .kov-items.circle.effect8 .info h3 {\r\n                  height: 84px;\r\n                  letter-spacing: 1px;\r\n                  margin: 0 20px;\r\n                  padding: 47px 0 0;\r\n                }\r\n             <\/style><div class=\"kc-elm kc-css-196720 kc_col-sm-3 kc_column kc_col-sm-3\"><div class=\"kc-col-container\"><div class=\"kc-elm kc-css-504459\" style=\"height: 20px; clear: both; width:100%;\"><\/div>\r\n        <div style=\"border:;\" class=\"kov-items square effect8 scale_up\"><a target=\"\" href=\"\">\r\n        <div class=\"img\"><img decoding=\"async\" src=\"https:\/\/sindenfermeiro.com.br\/wp-content\/uploads\/2023\/10\/logo-colegio-catolica-brasilia-previa.png\" alt=\"img\"><\/div>\r\n       <div style=\"background:#06740f;\" class=\"info\">\r\n        <h3 style=\" font-size: 14px; color:#f2f2f2; \">Col\u00e9gio Cat\u00f3lica de Bras\u00edlia<\/h3>\r\n         <p style=\" font-size: 12px; color:#f2f2f2; border:  \">15% de desconto na educa\u00e7\u00e3o b\u00e1sica<\/p>\r\n        <\/div><\/a><\/div>\r\n        <\/div><\/div> <style type=\"text\/css\">\r\n                .kov-items.circle.effect8 .info h3 {\r\n                  height: 84px;\r\n                  letter-spacing: 1px;\r\n                  margin: 0 20px;\r\n                  padding: 47px 0 0;\r\n                }\r\n             <\/style><div class=\"kc-elm kc-css-717783 kc_col-sm-3 kc_column kc_col-sm-3\"><div class=\"kc-col-container\"><div class=\"kc-elm kc-css-526730\" style=\"height: 20px; clear: both; width:100%;\"><\/div>\r\n        <div style=\"border:;\" class=\"kov-items square effect8 scale_up\"><a target=\"\" href=\"\">\r\n        <div class=\"img\"><img decoding=\"async\" src=\"https:\/\/sindenfermeiro.com.br\/wp-content\/uploads\/2023\/10\/ucb.png\" alt=\"img\"><\/div>\r\n       <div style=\"background:#06740f;\" class=\"info\">\r\n        <h3 style=\" font-size: 14px; color:#f2f2f2; \">Universidade Cat\u00f3lica de Bras\u00edlia<\/h3>\r\n         <p style=\" font-size: 12px; color:#f2f2f2; border:  \">Descontos de 30% a 40%<\/p>\r\n        <\/div><\/a><\/div>\r\n        <\/div><\/div> <style type=\"text\/css\">\r\n                .kov-items.circle.effect8 .info h3 {\r\n                  height: 84px;\r\n                  letter-spacing: 1px;\r\n                  margin: 0 20px;\r\n                  padding: 47px 0 0;\r\n                }\r\n             <\/style><div class=\"kc-elm kc-css-899587 kc_col-sm-3 kc_column kc_col-sm-3\"><div class=\"kc-col-container\"><div class=\"kc-elm kc-css-909360\" style=\"height: 20px; clear: both; width:100%;\"><\/div>\r\n        <div style=\"border:;\" class=\"kov-items square effect8 scale_up\"><a target=\"\" href=\"\">\r\n        <div class=\"img\"><img decoding=\"async\" src=\"https:\/\/sindenfermeiro.com.br\/wp-content\/uploads\/2023\/10\/WhatsApp-Image-2023-10-19-at-19.27.37.jpeg\" alt=\"img\"><\/div>\r\n       <div style=\"background:#06740f;\" class=\"info\">\r\n        <h3 style=\" font-size: 14px; color:#f2f2f2; \">Priscilla Costa Beauty<\/h3>\r\n         <p style=\" font-size: 12px; color:#f2f2f2; border:  \">20% de desconto em procedimentos est\u00e9ticos\r\n\r\n@priscillacostastudio<\/p>\r\n        <\/div><\/a><\/div>\r\n        <\/div><\/div><div class=\"kc-elm kc-css-943532 kc_col-sm-3 kc_column kc_col-sm-3\"><div class=\"kc-col-container\"><\/div><\/div><\/div><\/div><\/section><section class=\"kc-elm kc-css-319420 kc_row\"><div class=\"kc-row-container  kc-container\"><div class=\"kc-wrap-columns\"> <style type=\"text\/css\">\r\n                .kov-items.circle.effect8 .info h3 {\r\n                  height: 84px;\r\n                  letter-spacing: 1px;\r\n                  margin: 0 20px;\r\n                  padding: 47px 0 0;\r\n                }\r\n             <\/style><div class=\"kc-elm kc-css-643251 kc_col-sm-3 kc_column kc_col-sm-3\"><div class=\"kc-col-container\"><div class=\"kc-elm kc-css-557862\" style=\"height: 20px; clear: both; width:100%;\"><\/div>\r\n        <div style=\"border:;\" class=\"kov-items square effect8 scale_up\"><a target=\"\" href=\"\">\r\n        <div class=\"img\"><img decoding=\"async\" src=\"https:\/\/sindenfermeiro.com.br\/wp-content\/uploads\/2021\/10\/Park-Idiomas-150x150-1.jpg\" alt=\"img\"><\/div>\r\n       <div style=\"background:#06740f;\" class=\"info\">\r\n        <h3 style=\" font-size: 14px; color:#f2f2f2; \">Park Idiomas<\/h3>\r\n         <p style=\" font-size: 12px; color:#f2f2f2; border:  \">(61) 3548-0610<br>\r\ncom204norte.df@parkidiomas.com.br<\/p>\r\n        <\/div><\/a><\/div>\r\n        <\/div><\/div> <style type=\"text\/css\">\r\n                .kov-items.circle.effect8 .info h3 {\r\n                  height: 84px;\r\n                  letter-spacing: 1px;\r\n                  margin: 0 20px;\r\n                  padding: 47px 0 0;\r\n                }\r\n             <\/style><div class=\"kc-elm kc-css-771593 kc_col-sm-3 kc_column kc_col-sm-3\"><div class=\"kc-col-container\"><div class=\"kc-elm kc-css-196977\" style=\"height: 20px; clear: both; width:100%;\"><\/div>\r\n        <div style=\"border:;\" class=\"kov-items square effect8 scale_up\"><a target=\"\" href=\"\">\r\n        <div class=\"img\"><img decoding=\"async\" src=\"https:\/\/sindenfermeiro.com.br\/wp-content\/uploads\/2021\/10\/sabin-1-150x150xc.jpeg\" alt=\"img\"><\/div>\r\n       <div style=\"background:#06740f;\" class=\"info\">\r\n        <h3 style=\" font-size: 14px; color:#f2f2f2; \">Laborat\u00f3rio Sabin<\/h3>\r\n         <p style=\" font-size: 12px; color:#f2f2f2; border:  \"><\/p>\r\n        <\/div><\/a><\/div>\r\n        <\/div><\/div><div class=\"kc-elm kc-css-731711 kc_col-sm-3 kc_column kc_col-sm-3\"><div class=\"kc-col-container\"><\/div><\/div><div class=\"kc-elm kc-css-239879 kc_col-sm-3 kc_column kc_col-sm-3\"><div class=\"kc-col-container\"><\/div><\/div><\/div><\/div><\/section><\/p>\n","protected":false},"excerpt":{"rendered":"","protected":false},"author":6,"featured_media":0,"parent":0,"menu_order":0,"comment_status":"closed","ping_status":"closed","template":"","meta":{"footnotes":""},"class_list":["post-2217","page","type-page","status-publish","hentry"],"_links":{"self":[{"href":"https:\/\/sindenfermeiro.com.br\/index.php\/wp-json\/wp\/v2\/pages\/2217","targetHints":{"allow":["GET"]}}],"collection":[{"href":"https:\/\/sindenfermeiro.com.br\/index.php\/wp-json\/wp\/v2\/pages"}],"about":[{"href":"https:\/\/sindenfermeiro.com.br\/index.php\/wp-json\/wp\/v2\/types\/page"}],"author":[{"embeddable":true,"href":"https:\/\/sindenfermeiro.com.br\/index.php\/wp-json\/wp\/v2\/users\/6"}],"replies":[{"embeddable":true,"href":"https:\/\/sindenfermeiro.com.br\/index.php\/wp-json\/wp\/v2\/comments?post=2217"}],"version-history":[{"count":148,"href":"https:\/\/sindenfermeiro.com.br\/index.php\/wp-json\/wp\/v2\/pages\/2217\/revisions"}],"predecessor-version":[{"id":45326,"href":"https:\/\/sindenfermeiro.com.br\/index.php\/wp-json\/wp\/v2\/pages\/2217\/revisions\/45326"}],"wp:attachment":[{"href":"https:\/\/sindenfermeiro.com.br\/index.php\/wp-json\/wp\/v2\/media?parent=2217"}],"curies":[{"name":"wp","href":"https:\/\/api.w.org\/{rel}","templated":true}]}}