{"id":131,"date":"2016-09-16T01:42:51","date_gmt":"2016-09-16T01:42:51","guid":{"rendered":"http:\/\/www.sindenfermeiro.com.br\/?page_id=131"},"modified":"2016-09-16T01:42:51","modified_gmt":"2016-09-16T01:42:51","slug":"revisalarios","status":"publish","type":"page","link":"https:\/\/sindenfermeiro.com.br\/index.php\/revisalarios\/","title":{"rendered":"ReviSal\u00e1rios"},"content":{"rendered":"<div><\/div>\n<div class=\"container\">\n<div class=\"row\">\n<div>\u00a0<a href=\"http:\/\/www.sindenfermeiro.com.br\/index.php\/revisalarios\/\"><img loading=\"lazy\" decoding=\"async\" class=\"aligncenter wp-image-2638\" title=\"Revis\u00e3o de Sal\u00e1rio - Sindicato dos Enfermeiros\" src=\"http:\/\/www.sindenfermeiro.com.br\/wp-content\/uploads\/2018\/04\/REVISAL\u00c1RIO-1.jpg\" alt=\"\" width=\"1130\" height=\"175\" \/><\/a><\/div>\n<div><\/div>\n<div><\/div>\n<div class=\"container\">\n<div class=\"wpcf7 no-js\" id=\"wpcf7-f2301-o1\" lang=\"pt-BR\" dir=\"ltr\" data-wpcf7-id=\"2301\">\n<div class=\"screen-reader-response\"><p role=\"status\" aria-live=\"polite\" aria-atomic=\"true\"><\/p> <ul><\/ul><\/div>\n<form action=\"\/index.php\/wp-json\/wp\/v2\/pages\/131#wpcf7-f2301-o1\" method=\"post\" class=\"wpcf7-form init\" aria-label=\"Formul\u00e1rios de contato\" novalidate=\"novalidate\" data-status=\"init\">\n<fieldset class=\"hidden-fields-container\"><input type=\"hidden\" name=\"_wpcf7\" value=\"2301\" \/><input type=\"hidden\" name=\"_wpcf7_version\" value=\"6.1.5\" \/><input type=\"hidden\" name=\"_wpcf7_locale\" value=\"pt_BR\" \/><input type=\"hidden\" name=\"_wpcf7_unit_tag\" value=\"wpcf7-f2301-o1\" \/><input type=\"hidden\" name=\"_wpcf7_container_post\" value=\"0\" \/><input type=\"hidden\" name=\"_wpcf7_posted_data_hash\" value=\"\" \/><input type=\"hidden\" name=\"_wpcf7cf_hidden_group_fields\" value=\"[]\" \/><input type=\"hidden\" name=\"_wpcf7cf_hidden_groups\" value=\"[]\" \/><input type=\"hidden\" name=\"_wpcf7cf_visible_groups\" value=\"[]\" \/><input type=\"hidden\" name=\"_wpcf7cf_repeaters\" value=\"[]\" \/><input type=\"hidden\" name=\"_wpcf7cf_steps\" value=\"{}\" \/><input type=\"hidden\" name=\"_wpcf7cf_options\" value=\"{&quot;form_id&quot;:2301,&quot;conditions&quot;:[],&quot;settings&quot;:{&quot;animation&quot;:&quot;yes&quot;,&quot;animation_intime&quot;:200,&quot;animation_outtime&quot;:200,&quot;conditions_ui&quot;:&quot;normal&quot;,&quot;notice_dismissed&quot;:false,&quot;notice_dismissed_rollback-cf7-5.5.1&quot;:true,&quot;notice_dismissed_update-cf7-5.8&quot;:true,&quot;notice_dismissed_update-cf7-5.9.2&quot;:true}}\" \/><input type=\"hidden\" name=\"_wpcf7_recaptcha_response\" value=\"\" \/>\n<\/fieldset>\n<div style=\"margin: 30px 0px; background: #f6f9fa; padding: 15px; border-radius: 4px;font-family: 'Poppins', sans-serif; font-size: 15px; color: #43A541; font-weight: 100;\">\n\t<p> Nome completo (obrigat\u00f3rio)<br \/>\n<span class=\"wpcf7-form-control-wrap\" data-name=\"your-name\"><input size=\"40\" maxlength=\"400\" class=\"wpcf7-form-control wpcf7-text wpcf7-validates-as-required\" aria-required=\"true\" aria-invalid=\"false\" value=\"\" type=\"text\" name=\"your-name\" \/><\/span>\n\t<\/p>\n\t<p> Data de nascimento (obrigat\u00f3rio)<br \/>\n<span class=\"wpcf7-form-control-wrap\" data-name=\"date-69\"><input class=\"wpcf7-form-control wpcf7-date wpcf7-validates-as-required wpcf7-validates-as-date\" aria-required=\"true\" aria-invalid=\"false\" value=\"\" type=\"date\" name=\"date-69\" \/><\/span>\n\t<\/p>\n\t<p><br \/>\n<span class=\"wpcf7-form-control-wrap\" data-name=\"radio-643\"><span class=\"wpcf7-form-control wpcf7-radio\"><span class=\"wpcf7-list-item first\"><label><span class=\"wpcf7-list-item-label\">Ativo<\/span><input type=\"radio\" name=\"radio-643\" value=\"Ativo\" checked=\"checked\" \/><\/label><\/span><span class=\"wpcf7-list-item last\"><label><span class=\"wpcf7-list-item-label\">Aposentado<\/span><input type=\"radio\" name=\"radio-643\" value=\"Aposentado\" \/><\/label><\/span><\/span><\/span>\n\t<\/p>\n\t<p> Email (obrigat\u00f3rio)<br \/>\n<span class=\"wpcf7-form-control-wrap\" data-name=\"your-email\"><input size=\"40\" maxlength=\"400\" class=\"wpcf7-form-control wpcf7-email wpcf7-validates-as-required wpcf7-text wpcf7-validates-as-email\" aria-required=\"true\" aria-invalid=\"false\" value=\"\" type=\"email\" name=\"your-email\" \/><\/span>\n\t<\/p>\n\t<p> Telefone Fixo (obrigat\u00f3rio)<br \/>\n<span class=\"wpcf7-form-control-wrap\" data-name=\"your-telefone\"><input size=\"40\" maxlength=\"400\" class=\"wpcf7-form-control wpcf7-text wpcf7-validates-as-required\" aria-required=\"true\" aria-invalid=\"false\" value=\"\" type=\"text\" name=\"your-telefone\" \/><\/span>\n\t<\/p>\n\t<p> Local de trabalho<br \/>\n<span class=\"wpcf7-form-control-wrap\" data-name=\"your-workPlace\"><input size=\"40\" maxlength=\"400\" class=\"wpcf7-form-control wpcf7-text wpcf7-validates-as-required\" aria-required=\"true\" aria-invalid=\"false\" value=\"\" type=\"text\" name=\"your-workPlace\" \/><\/span>\n\t<\/p>\n\t<p> Matr\u00edcula<br \/>\n<span class=\"wpcf7-form-control-wrap\" data-name=\"your-registration\"><input size=\"40\" maxlength=\"400\" class=\"wpcf7-form-control wpcf7-text wpcf7-validates-as-required\" aria-required=\"true\" aria-invalid=\"false\" value=\"\" type=\"text\" name=\"your-registration\" \/><\/span>\n\t<\/p>\n\t<p> Ano admiss\u00e3o<br \/>\n<span class=\"wpcf7-form-control-wrap\" data-name=\"your-yearAdmission\"><input size=\"40\" maxlength=\"400\" class=\"wpcf7-form-control wpcf7-text wpcf7-validates-as-required\" aria-required=\"true\" aria-invalid=\"false\" value=\"\" type=\"text\" name=\"your-yearAdmission\" \/><\/span>\n\t<\/p>\n\t<p> Vencimento, B\u00e1sico ou Proventos<br \/>\n<span class=\"wpcf7-form-control-wrap\" data-name=\"your_vencimento\"><input size=\"40\" maxlength=\"400\" class=\"wpcf7-form-control wpcf7-text wpcf7-validates-as-required\" aria-required=\"true\" aria-invalid=\"false\" value=\"\" type=\"text\" name=\"your_vencimento\" \/><\/span>\n\t<\/p>\n\t<p> Carga hor\u00e1ria semanal ( 20h ou 40h)<br \/>\n<span class=\"wpcf7-form-control-wrap\" data-name=\"your_carga_horaria\"><input size=\"40\" maxlength=\"400\" class=\"wpcf7-form-control wpcf7-text wpcf7-validates-as-required\" aria-required=\"true\" aria-invalid=\"false\" value=\"\" type=\"text\" name=\"your_carga_horaria\" \/><\/span>\n\t<\/p>\n\t<p><label> Grat. A\u00e7\u00f5es b\u00e1sicas <\/label><br \/>\n<span class=\"wpcf7-form-control-wrap\" data-name=\"your-grat\"><input size=\"40\" maxlength=\"400\" class=\"wpcf7-form-control wpcf7-text wpcf7-validates-as-required\" aria-required=\"true\" aria-invalid=\"false\" value=\"\" type=\"text\" name=\"your-grat\" \/><\/span>\n\t<\/p>\n\t<p><label> GMOV <\/label><br \/>\n<span class=\"wpcf7-form-control-wrap\" data-name=\"your-gmov\"><input size=\"40\" maxlength=\"400\" class=\"wpcf7-form-control wpcf7-text wpcf7-validates-as-required\" aria-required=\"true\" aria-invalid=\"false\" value=\"\" type=\"text\" name=\"your-gmov\" \/><\/span>\n\t<\/p>\n\t<p><label> GCET <\/label><br \/>\n<span class=\"wpcf7-form-control-wrap\" data-name=\"your-gcet\"><input size=\"40\" maxlength=\"400\" class=\"wpcf7-form-control wpcf7-text wpcf7-validates-as-required\" aria-required=\"true\" aria-invalid=\"false\" value=\"\" type=\"text\" name=\"your-gcet\" \/><\/span>\n\t<\/p>\n\t<p><label> GAMU <\/label><br \/>\n<span class=\"wpcf7-form-control-wrap\" data-name=\"your-gamu\"><input size=\"40\" maxlength=\"400\" class=\"wpcf7-form-control wpcf7-text wpcf7-validates-as-required\" aria-required=\"true\" aria-invalid=\"false\" value=\"\" type=\"text\" name=\"your-gamu\" \/><\/span>\n\t<\/p>\n\t<p><label> Tempo averbado INSS <\/label><br \/>\n<span class=\"wpcf7-form-control-wrap\" data-name=\"text-7114\"><input size=\"40\" maxlength=\"400\" class=\"wpcf7-form-control wpcf7-text\" aria-invalid=\"false\" placeholder=\"___\/___\/___ a ___\/___\/___\" value=\"\" type=\"text\" name=\"text-7114\" \/><\/span><br \/>\n<span class=\"wpcf7-form-control-wrap\" data-name=\"text-754\"><input size=\"40\" maxlength=\"400\" class=\"wpcf7-form-control wpcf7-text\" aria-invalid=\"false\" placeholder=\"___\/___\/___ a ___\/___\/___\" value=\"\" type=\"text\" name=\"text-754\" \/><\/span><br \/>\n<span class=\"wpcf7-form-control-wrap\" data-name=\"text-42374\"><input size=\"40\" maxlength=\"400\" class=\"wpcf7-form-control wpcf7-text\" aria-invalid=\"false\" placeholder=\"___\/___\/___ a ___\/___\/___\" value=\"\" type=\"text\" name=\"text-42374\" \/><\/span>\n\t<\/p>\n\t<p><label> Tempo averbado servi\u00e7o p\u00fablico <\/label><br \/>\n<span class=\"wpcf7-form-control-wrap\" data-name=\"text-711234\"><input size=\"40\" maxlength=\"400\" class=\"wpcf7-form-control wpcf7-text\" aria-invalid=\"false\" placeholder=\"___\/___\/___ a ___\/___\/___\" value=\"\" type=\"text\" name=\"text-711234\" \/><\/span><br \/>\n<span class=\"wpcf7-form-control-wrap\" data-name=\"text-75224\"><input size=\"40\" maxlength=\"400\" class=\"wpcf7-form-control wpcf7-text\" aria-invalid=\"false\" placeholder=\"___\/___\/___ a ___\/___\/___\" value=\"\" type=\"text\" name=\"text-75224\" \/><\/span><br \/>\n<span class=\"wpcf7-form-control-wrap\" data-name=\"text-4232374\"><input size=\"40\" maxlength=\"400\" class=\"wpcf7-form-control wpcf7-text\" aria-invalid=\"false\" placeholder=\"___\/___\/___ a ___\/___\/___\" value=\"\" type=\"text\" name=\"text-4232374\" \/><\/span>\n\t<\/p>\n\t<p><label>SOLICITA\u00c7\u00d5ES de c\u00e1lculos conforme refer\u00eancia <\/label>\n\t<\/p>\n\t<p><label>Servi\u00e7o 1 - revis\u00e3o total do contracheque <\/label><br \/>\n<span class=\"wpcf7-form-control-wrap\" data-name=\"radio-95129023\"><span class=\"wpcf7-form-control wpcf7-radio\"><span class=\"wpcf7-list-item first\"><label><input type=\"radio\" name=\"radio-95129023\" value=\"Sim\" checked=\"checked\" \/><span class=\"wpcf7-list-item-label\">Sim<\/span><\/label><\/span><span class=\"wpcf7-list-item last\"><label><input type=\"radio\" name=\"radio-95129023\" value=\"N\u00e3o\" \/><span class=\"wpcf7-list-item-label\">N\u00e3o<\/span><\/label><\/span><\/span><\/span>\n\t<\/p>\n\t<p><label>Servi\u00e7o 2 - previs\u00e3o sal\u00e1rio com reajuste SET.2015 <\/label><br \/>\n<span class=\"wpcf7-form-control-wrap\" data-name=\"radio-9517777r2\"><span class=\"wpcf7-form-control wpcf7-radio\"><span class=\"wpcf7-list-item first\"><label><input type=\"radio\" name=\"radio-9517777r2\" value=\"Sim\" checked=\"checked\" \/><span class=\"wpcf7-list-item-label\">Sim<\/span><\/label><\/span><span class=\"wpcf7-list-item last\"><label><input type=\"radio\" name=\"radio-9517777r2\" value=\"N\u00e3o\" \/><span class=\"wpcf7-list-item-label\">N\u00e3o<\/span><\/label><\/span><\/span><\/span>\n\t<\/p>\n\t<p><label>Servi\u00e7o 3 - previs\u00e3o retroativo do reajuste SET.2015 <\/label><br \/>\n<span class=\"wpcf7-form-control-wrap\" data-name=\"radio-951452\"><span class=\"wpcf7-form-control wpcf7-radio\"><span class=\"wpcf7-list-item first\"><label><input type=\"radio\" name=\"radio-951452\" value=\"Sim\" checked=\"checked\" \/><span class=\"wpcf7-list-item-label\">Sim<\/span><\/label><\/span><span class=\"wpcf7-list-item last\"><label><input type=\"radio\" name=\"radio-951452\" value=\"N\u00e3o\" \/><span class=\"wpcf7-list-item-label\">N\u00e3o<\/span><\/label><\/span><\/span><\/span>\n\t<\/p>\n\t<p><label>Servi\u00e7o 4 - valor correto horas extras diurnas e noturnas <\/label><br \/>\n<span class=\"wpcf7-form-control-wrap\" data-name=\"radio-951762\"><span class=\"wpcf7-form-control wpcf7-radio\"><span class=\"wpcf7-list-item first\"><label><input type=\"radio\" name=\"radio-951762\" value=\"Sim\" checked=\"checked\" \/><span class=\"wpcf7-list-item-label\">Sim<\/span><\/label><\/span><span class=\"wpcf7-list-item last\"><label><input type=\"radio\" name=\"radio-951762\" value=\"N\u00e3o\" \/><span class=\"wpcf7-list-item-label\">N\u00e3o<\/span><\/label><\/span><\/span><\/span>\n\t<\/p>\n\t<p><label>Servico 5 - valor adicional noturno <\/label><br \/>\n<span class=\"wpcf7-form-control-wrap\" data-name=\"radio-951432542\"><span class=\"wpcf7-form-control wpcf7-radio\"><span class=\"wpcf7-list-item first\"><label><input type=\"radio\" name=\"radio-951432542\" value=\"Sim\" checked=\"checked\" \/><span class=\"wpcf7-list-item-label\">Sim<\/span><\/label><\/span><span class=\"wpcf7-list-item last\"><label><input type=\"radio\" name=\"radio-951432542\" value=\"N\u00e3o\" \/><span class=\"wpcf7-list-item-label\">N\u00e3o<\/span><\/label><\/span><\/span><\/span>\n\t<\/p>\n\t<p><label>Servico 6 - proje\u00e7\u00e3o salarial de 40h\/s para quem faz 20h\/s atualmente <\/label><br \/>\n<span class=\"wpcf7-form-control-wrap\" data-name=\"radio-9512121312\"><span class=\"wpcf7-form-control wpcf7-radio\"><span class=\"wpcf7-list-item first\"><label><input type=\"radio\" name=\"radio-9512121312\" value=\"Sim\" checked=\"checked\" \/><span class=\"wpcf7-list-item-label\">Sim<\/span><\/label><\/span><span class=\"wpcf7-list-item last\"><label><input type=\"radio\" name=\"radio-9512121312\" value=\"N\u00e3o\" \/><span class=\"wpcf7-list-item-label\">N\u00e3o<\/span><\/label><\/span><\/span><\/span>\n\t<\/p>\n\t<p><label>Servico 7 - previs\u00e3o salarial caso solicite retrata\u00e7\u00e3o da op\u00e7\u00e3o de 40h\/s <\/label><br \/>\n<span class=\"wpcf7-form-control-wrap\" data-name=\"radio-95122334\"><span class=\"wpcf7-form-control wpcf7-radio\"><span class=\"wpcf7-list-item first\"><label><input type=\"radio\" name=\"radio-95122334\" value=\"Sim\" checked=\"checked\" \/><span class=\"wpcf7-list-item-label\">Sim<\/span><\/label><\/span><span class=\"wpcf7-list-item last\"><label><input type=\"radio\" name=\"radio-95122334\" value=\"N\u00e3o\" \/><span class=\"wpcf7-list-item-label\">N\u00e3o<\/span><\/label><\/span><\/span><\/span>\n\t<\/p>\n\t<p><label>Servico 8 - simula\u00e7\u00e3o salarial detalhada ap\u00f3s aposentadoria <\/label><br \/>\n<span class=\"wpcf7-form-control-wrap\" data-name=\"radio-9512777\"><span class=\"wpcf7-form-control wpcf7-radio\"><span class=\"wpcf7-list-item first\"><label><input type=\"radio\" name=\"radio-9512777\" value=\"Sim\" checked=\"checked\" \/><span class=\"wpcf7-list-item-label\">Sim<\/span><\/label><\/span><span class=\"wpcf7-list-item last\"><label><input type=\"radio\" name=\"radio-9512777\" value=\"N\u00e3o\" \/><span class=\"wpcf7-list-item-label\">N\u00e3o<\/span><\/label><\/span><\/span><\/span>\n\t<\/p>\n\t<p><label>Servico 9 - esclarecimento sobre descontos de IR, IPREV ou seguridade social <\/label><br \/>\n<span class=\"wpcf7-form-control-wrap\" data-name=\"radio-9512645\"><span class=\"wpcf7-form-control wpcf7-radio\"><span class=\"wpcf7-list-item first\"><label><input type=\"radio\" name=\"radio-9512645\" value=\"Sim\" checked=\"checked\" \/><span class=\"wpcf7-list-item-label\">Sim<\/span><\/label><\/span><span class=\"wpcf7-list-item last\"><label><input type=\"radio\" name=\"radio-9512645\" value=\"N\u00e3o\" \/><span class=\"wpcf7-list-item-label\">N\u00e3o<\/span><\/label><\/span><\/span><\/span>\n\t<\/p>\n\t<p><label>Servico 10 - c\u00e1lculo do valor do abono perman\u00eancia <\/label><br \/>\n<span class=\"wpcf7-form-control-wrap\" data-name=\"radio-9512543\"><span class=\"wpcf7-form-control wpcf7-radio\"><span class=\"wpcf7-list-item first\"><label><input type=\"radio\" name=\"radio-9512543\" value=\"Sim\" checked=\"checked\" \/><span class=\"wpcf7-list-item-label\">Sim<\/span><\/label><\/span><span class=\"wpcf7-list-item last\"><label><input type=\"radio\" name=\"radio-9512543\" value=\"N\u00e3o\" \/><span class=\"wpcf7-list-item-label\">N\u00e3o<\/span><\/label><\/span><\/span><\/span>\n\t<\/p>\n\t<p><label>Servico 11 - simular data prov\u00e1vel de aposentadoria <\/label><br \/>\n<span class=\"wpcf7-form-control-wrap\" data-name=\"radio-9512323\"><span class=\"wpcf7-form-control wpcf7-radio\"><span class=\"wpcf7-list-item first\"><label><input type=\"radio\" name=\"radio-9512323\" value=\"Sim\" checked=\"checked\" \/><span class=\"wpcf7-list-item-label\">Sim<\/span><\/label><\/span><span class=\"wpcf7-list-item last\"><label><input type=\"radio\" name=\"radio-9512323\" value=\"N\u00e3o\" \/><span class=\"wpcf7-list-item-label\">N\u00e3o<\/span><\/label><\/span><\/span><\/span>\n\t<\/p>\n<\/div>\n<p><input class=\"wpcf7-form-control wpcf7-submit has-spinner\" type=\"submit\" value=\"Enviar\" \/>\n<\/p>\n<p>\n\n<\/p><p style=\"display: none !important;\" class=\"akismet-fields-container\" data-prefix=\"_wpcf7_ak_\"><label>&#916;<textarea name=\"_wpcf7_ak_hp_textarea\" cols=\"45\" rows=\"8\" maxlength=\"100\"><\/textarea><\/label><input type=\"hidden\" id=\"ak_js_1\" name=\"_wpcf7_ak_js\" value=\"117\"\/><script>document.getElementById( \"ak_js_1\" ).setAttribute( \"value\", ( new Date() ).getTime() );<\/script><\/p><div class=\"wpcf7-response-output\" aria-hidden=\"true\"><\/div>\n<\/form>\n<\/div>\n<\/div>\n<\/div>\n<\/div>\n","protected":false},"excerpt":{"rendered":"<p>\u00a0<\/p>\n","protected":false},"author":6,"featured_media":0,"parent":0,"menu_order":0,"comment_status":"closed","ping_status":"closed","template":"","meta":{"footnotes":""},"class_list":["post-131","page","type-page","status-publish","hentry"],"_links":{"self":[{"href":"https:\/\/sindenfermeiro.com.br\/index.php\/wp-json\/wp\/v2\/pages\/131","targetHints":{"allow":["GET"]}}],"collection":[{"href":"https:\/\/sindenfermeiro.com.br\/index.php\/wp-json\/wp\/v2\/pages"}],"about":[{"href":"https:\/\/sindenfermeiro.com.br\/index.php\/wp-json\/wp\/v2\/types\/page"}],"author":[{"embeddable":true,"href":"https:\/\/sindenfermeiro.com.br\/index.php\/wp-json\/wp\/v2\/users\/6"}],"replies":[{"embeddable":true,"href":"https:\/\/sindenfermeiro.com.br\/index.php\/wp-json\/wp\/v2\/comments?post=131"}],"version-history":[{"count":0,"href":"https:\/\/sindenfermeiro.com.br\/index.php\/wp-json\/wp\/v2\/pages\/131\/revisions"}],"wp:attachment":[{"href":"https:\/\/sindenfermeiro.com.br\/index.php\/wp-json\/wp\/v2\/media?parent=131"}],"curies":[{"name":"wp","href":"https:\/\/api.w.org\/{rel}","templated":true}]}}